{"id":99,"date":"2022-01-24T16:22:05","date_gmt":"2022-01-24T15:22:05","guid":{"rendered":"https:\/\/smartpricingsolution.com\/?page_id=99"},"modified":"2022-02-09T15:21:17","modified_gmt":"2022-02-09T14:21:17","slug":"politique-de-confidentialite","status":"publish","type":"page","link":"https:\/\/smartpricingsolution.com\/de\/politique-de-confidentialite\/","title":{"rendered":"Politique de confidentialit\u00e9"},"content":{"rendered":"<p>[et_pb_section fb_built=\u00a0\u00bb1&Prime; custom_padding_last_edited=\u00a0\u00bboff|desktop\u00a0\u00bb _builder_version=\u00a0\u00bb4.14.7&Prime; _module_preset=\u00a0\u00bbdefault\u00a0\u00bb background_color=\u00a0\u00bb#FFFFFF\u00a0\u00bb custom_margin_tablet=\u00a0\u00bb||-30px||false|false\u00a0\u00bb custom_margin_phone=\u00a0\u00bb||-30px||false|false\u00a0\u00bb custom_margin_last_edited=\u00a0\u00bbon|tablet\u00a0\u00bb custom_padding=\u00a0\u00bb0px||0px||true|false\u00a0\u00bb custom_padding_tablet=\u00a0\u00bb0px||0px||false|false\u00a0\u00bb box_shadow_style=\u00a0\u00bbpreset1&Prime; box_shadow_color=\u00a0\u00bbrgba(0,0,0,0.03)\u00a0\u00bb global_colors_info=\u00a0\u00bb{}\u00a0\u00bb][et_pb_row column_structure=\u00a0\u00bb1_2,1_2&Prime; make_equal=\u00a0\u00bbon\u00a0\u00bb _builder_version=\u00a0\u00bb4.14.7&Prime; _module_preset=\u00a0\u00bbdefault\u00a0\u00bb global_colors_info=\u00a0\u00bb{}\u00a0\u00bb][et_pb_column type=\u00a0\u00bb1_2&Prime; _builder_version=\u00a0\u00bb4.14.7&Prime; _module_preset=\u00a0\u00bbdefault\u00a0\u00bb global_colors_info=\u00a0\u00bb{}\u00a0\u00bb][et_pb_image src=\u00a0\u00bbhttps:\/\/smartpricingsolution.com\/wp-content\/uploads\/2022\/02\/smart-pricing-solution-logo.svg\u00a0\u00bb title_text=\u00a0\u00bbsmart-pricing-solution-logo\u00a0\u00bb url=\u00a0\u00bb\/\u00a0\u00bb align_tablet=\u00a0\u00bbcenter\u00a0\u00bb align_phone=\u00a0\u00bbcenter\u00a0\u00bb align_last_edited=\u00a0\u00bbon|tablet\u00a0\u00bb _builder_version=\u00a0\u00bb4.14.7&Prime; _module_preset=\u00a0\u00bbdefault\u00a0\u00bb height=\u00a0\u00bb120px\u00a0\u00bb hover_enabled=\u00a0\u00bb0&Prime; global_colors_info=\u00a0\u00bb{}\u00a0\u00bb sticky_enabled=\u00a0\u00bb0&Prime;][\/et_pb_image][\/et_pb_column][et_pb_column type=\u00a0\u00bb1_2&Prime; disabled_on=\u00a0\u00bbon|on|off\u00a0\u00bb _builder_version=\u00a0\u00bb4.14.7&Prime; _module_preset=\u00a0\u00bbdefault\u00a0\u00bb custom_css_main_element=\u00a0\u00bbmargin: auto;\u00a0\u00bb global_colors_info=\u00a0\u00bb{}\u00a0\u00bb][et_pb_button button_url=\u00a0\u00bbhttps:\/\/lansa-diffusion.com\/categorie-produit\/affichage-de-prix\/gamme-snap\/\u00a0\u00bb url_new_window=\u00a0\u00bbon\u00a0\u00bb button_text=\u00a0\u00bbACHETER\u00a0\u00bb button_alignment=\u00a0\u00bbright\u00a0\u00bb _builder_version=\u00a0\u00bb4.14.7&Prime; _module_preset=\u00a0\u00bbdefault\u00a0\u00bb custom_button=\u00a0\u00bbon\u00a0\u00bb button_text_color=\u00a0\u00bb#f28d2c\u00a0\u00bb button_bg_color=\u00a0\u00bbRGBA(255,255,255,0)\u00a0\u00bb button_border_width=\u00a0\u00bb2px\u00a0\u00bb button_border_color=\u00a0\u00bb#f28d2c\u00a0\u00bb button_border_radius=\u00a0\u00bb0px\u00a0\u00bb button_font=\u00a0\u00bb|600|||||||\u00a0\u00bb button_use_icon=\u00a0\u00bboff\u00a0\u00bb global_colors_info=\u00a0\u00bb{}\u00a0\u00bb][\/et_pb_button][\/et_pb_column][\/et_pb_row][\/et_pb_section][et_pb_section fb_built=\u00a0\u00bb1&Prime; custom_padding_last_edited=\u00a0\u00bbon|tablet\u00a0\u00bb _builder_version=\u00a0\u00bb4.14.7&Prime; _module_preset=\u00a0\u00bbdefault\u00a0\u00bb background_color=\u00a0\u00bb#FFFFFF\u00a0\u00bb custom_padding=\u00a0\u00bb100px||100px||true|false\u00a0\u00bb custom_padding_tablet=\u00a0\u00bb50px||50px||true|false\u00a0\u00bb custom_padding_phone=\u00a0\u00bb50px||50px||true|false\u00a0\u00bb global_colors_info=\u00a0\u00bb{}\u00a0\u00bb][et_pb_row _builder_version=\u00a0\u00bb4.14.7&Prime; _module_preset=\u00a0\u00bbdefault\u00a0\u00bb global_colors_info=\u00a0\u00bb{}\u00a0\u00bb][et_pb_column type=\u00a0\u00bb4_4&Prime; _builder_version=\u00a0\u00bb4.14.7&Prime; _module_preset=\u00a0\u00bbdefault\u00a0\u00bb global_colors_info=\u00a0\u00bb{}\u00a0\u00bb][et_pb_text _builder_version=\u00a0\u00bb4.14.7&Prime; _module_preset=\u00a0\u00bbdefault\u00a0\u00bb global_colors_info=\u00a0\u00bb{}\u00a0\u00bb]<\/p>\n<h1 style=\"text-align: center;\"><strong>Politique de confidentialit\u00e9<\/strong><\/h1>\n<p>[\/et_pb_text][et_pb_text _builder_version=\u00a0\u00bb4.14.7&Prime; _module_preset=\u00a0\u00bbdefault\u00a0\u00bb link_text_color=\u00a0\u00bb#f28d2c\u00a0\u00bb header_3_font=\u00a0\u00bb|600|||||||\u00a0\u00bb global_colors_info=\u00a0\u00bb{}\u00a0\u00bb]<\/p>\n<h3>1. Renseignements personnels recueillis<\/h3>\n<p>Lorsque vous effectuez un achat sur notre boutique, dans le cadre de notre processus d\u2019achat et de vente, nous recueillons les renseignements personnels que vous nous fournissez, tels que votre nom, votre adresse et votre adresse e-mail.<\/p>\n<p>Lorsque vous naviguez sur notre boutique, nous recevons \u00e9galement automatiquement l\u2019adresse de protocole Internet (adresse IP) de votre ordinateur, qui nous permet d\u2019obtenir plus de d\u00e9tails au sujet du navigateur et du syst\u00e8me d\u2019exploitation que vous utilisez.<\/p>\n<p>Marketing par e-mail (le cas \u00e9ch\u00e9ant): Avec votre permission, nous pourrions vous envoyer des e-mails au sujet de notre boutique, de nouveaux produits et d\u2019autres mises \u00e0 jour.<\/p>\n<h3>2. Consentement<\/h3>\n<p>Comment obtenez-vous mon consentement?<\/p>\n<p>Lorsque vous nous fournissez vos renseignements personnels pour conclure une transaction, v\u00e9rifier votre carte de cr\u00e9dit, passer une commande, planifier une livraison ou retourner un achat, nous pr\u00e9sumons que vous consentez \u00e0 ce que nous recueillions vos renseignements et \u00e0 ce que nous les utilisions \u00e0 cette fin uniquement.<\/p>\n<p>Si nous vous demandons de nous fournir vos renseignements personnels pour une autre raison, \u00e0 des fins de marketing par exemple, nous vous demanderons directement votre consentement explicite, ou nous vous donnerons la possibilit\u00e9 de refuser.<\/p>\n<p>Comment puis-je retirer mon consentement?<\/p>\n<p>Si apr\u00e8s nous avoir donn\u00e9 votre consentement, vous changez d\u2019avis et ne consentez plus \u00e0 ce que nous puissions vous contacter, recueillir vos renseignements ou les divulguer, vous pouvez nous en aviser en <a href=\"\/de\/#contact\">nous contactant<\/a> ou par courrier \u00e0: Lansa Diffusion 12 Avenue du Qu\u00e9bec, Villebon-sur-Yvette, J, 91140, France<\/p>\n<h3>3. Divulgation<\/h3>\n<p>Nous pouvons divulguer vos renseignements personnels si la loi nous oblige \u00e0 le faire ou si vous violez nos Conditions G\u00e9n\u00e9rales de Vente et d\u2019Utilisation.<\/p>\n<h3>4. Services fournis par des tiers<\/h3>\n<p>De mani\u00e8re g\u00e9n\u00e9rale, les fournisseurs tiers que nous utilisons vont uniquement recueillir, utiliser et divulguer vos renseignements dans la mesure du n\u00e9cessaire pour pouvoir r\u00e9aliser les services qu\u2019ils nous fournissent.<\/p>\n<p>Cependant, certains tiers fournisseurs de services, comme les passerelles de paiement et autres processeurs de transactions de paiement, poss\u00e8dent leurs propres politiques de confidentialit\u00e9 quant aux renseignements que nous sommes tenus de leur fournir pour vos transactions d\u2019achat.<\/p>\n<p>En ce qui concerne ces fournisseurs, nous vous recommandons de lire attentivement leurs politiques de confidentialit\u00e9 pour que vous puissiez comprendre la mani\u00e8re dont ils traiteront vos renseignements personnels.<\/p>\n<p>Il ne faut pas oublier que certains fournisseurs peuvent \u00eatre situ\u00e9s ou avoir des installations situ\u00e9es dans une juridiction diff\u00e9rente de la v\u00f4tre ou de la n\u00f4tre. Donc si vous d\u00e9cidez de poursuivre une transaction qui requiert les services d\u2019un fournisseur tiers, vos renseignements pourraient alors \u00eatre r\u00e9gis par les lois de la juridiction dans laquelle ce fournisseur se situe ou celles de la juridiction dans laquelle ses installations sont situ\u00e9es.<\/p>\n<p>\u00c0 titre d\u2019exemple, si vous \u00eates situ\u00e9 au Canada et que votre transaction est trait\u00e9e par une passerelle de paiement situ\u00e9e aux \u00c9tats-Unis, les renseignements vous appartenant qui ont \u00e9t\u00e9 utilis\u00e9s pour conclure la transaction pourraient \u00eatre divulgu\u00e9s en vertu de la l\u00e9gislation des \u00c9tats-Unis, y compris le Patriot Act.<\/p>\n<p>Une fois que vous quittez le site de notre boutique ou que vous \u00eates redirig\u00e9 vers le site web ou l\u2019application d\u2019un tiers, vous n\u2019\u00eates plus r\u00e9gi par la pr\u00e9sente Politique de Confidentialit\u00e9 ni par les Conditions G\u00e9n\u00e9rales de Vente et d\u2019Utilisation de notre site web.<\/p>\n<p>Liens<\/p>\n<p>Vous pourriez \u00eatre amen\u00e9 \u00e0 quitter notre site web en cliquant sur certains liens pr\u00e9sents sur notre site. Nous n\u2019assumons aucune responsabilit\u00e9 quant aux pratiques de confidentialit\u00e9 exerc\u00e9es par ces autres sites et vous recommandons de lire attentivement leurs politiques de confidentialit\u00e9.<\/p>\n<h3>5. S\u00e9curit\u00e9<\/h3>\n<p>Pour prot\u00e9ger vos donn\u00e9es personnelles, nous prenons des pr\u00e9cautions raisonnables et suivons les meilleures pratiques de l\u2019industrie pour nous assurer qu\u2019elles ne soient pas perdues, d\u00e9tourn\u00e9es, consult\u00e9es, divulgu\u00e9es, modifi\u00e9es ou d\u00e9truites de mani\u00e8re inappropri\u00e9e.<\/p>\n<p>Si vous nous fournissez vos informations de carte de cr\u00e9dit, elles seront chiffr\u00e9es par le biais de l\u2019utilisation du protocole de s\u00e9curisation SSL et conserv\u00e9es avec un chiffrement de type AES-256. Bien qu\u2019aucune m\u00e9thode de transmission sur Internet ou de stockage \u00e9lectronique ne soit s\u00fbre \u00e0 100 %, nous suivons toutes les exigences de la norme PCI-DSS et mettons en \u0153uvre des normes suppl\u00e9mentaires g\u00e9n\u00e9ralement reconnues par l\u2019industrie.<\/p>\n<h3>6. \u00c2ge de consentement<\/h3>\n<p>En utilisant ce site, vous d\u00e9clarez que vous avez au moins l\u2019\u00e2ge de la majorit\u00e9 dans votre \u00c9tat ou province de r\u00e9sidence, et que vous nous avez donn\u00e9 votre consentement pour permettre \u00e0 toute personne d\u2019\u00e2ge mineur \u00e0 votre charge d\u2019utiliser ce site web.<\/p>\n<h3>7. Modifications apport\u00e9es \u00e0 la pr\u00e9sente politique de confidentialit\u00e9<\/h3>\n<p>Nous nous r\u00e9servons le droit de modifier la pr\u00e9sente politique de confidentialit\u00e9 \u00e0 tout moment, donc veuillez s\u2019il vous plait la consulter fr\u00e9quemment. Les changements et les clarifications prendront effet imm\u00e9diatement apr\u00e8s leur publication sur le site web. Si nous apportons des changements au contenu de cette politique, nous vous aviserons ici qu\u2019elle a \u00e9t\u00e9 mise \u00e0 jour, pour que vous sachiez quels renseignements nous recueillons, la mani\u00e8re dont nous les utilisons, et dans quelles circonstances nous les divulguons, s\u2019il y a lieu de le faire.<\/p>\n<p>Si notre boutique fait l\u2019objet d\u2019une acquisition par ou d\u2019une fusion avec une autre entreprise, vos renseignements pourraient \u00eatre transf\u00e9r\u00e9s aux nouveaux propri\u00e9taires pour que nous puissions continuer \u00e0 vous vendre des produits.<\/p>\n<h3>Questions et coordonn\u00e9es<\/h3>\n<p>Si vous souhaitez: acc\u00e9der \u00e0, corriger, modifier ou supprimer toute information personnelle que nous avons \u00e0 votre sujet, d\u00e9poser une plainte, ou si vous souhaitez simplement avoir plus d\u2019informations, <a href=\"\/de\/#contact\">contactez notre agent<\/a> responsable des normes de confidentialit\u00e9.<\/p>\n<p>[\/et_pb_text][\/et_pb_column][\/et_pb_row][\/et_pb_section][et_pb_section fb_built=\u00a0\u00bb1&Prime; _builder_version=\u00a0\u00bb4.14.7&Prime; _module_preset=\u00a0\u00bbdefault\u00a0\u00bb background_color=\u00a0\u00bb#222222&Prime; global_colors_info=\u00a0\u00bb{}\u00a0\u00bb][et_pb_row column_structure=\u00a0\u00bb1_4,1_4,1_4,1_4&Prime; _builder_version=\u00a0\u00bb4.14.7&Prime; _module_preset=\u00a0\u00bbdefault\u00a0\u00bb custom_margin=\u00a0\u00bb||100px||false|false\u00a0\u00bb custom_padding=\u00a0\u00bb||||false|false\u00a0\u00bb global_colors_info=\u00a0\u00bb{}\u00a0\u00bb][et_pb_column type=\u00a0\u00bb1_4&Prime; _builder_version=\u00a0\u00bb4.14.7&Prime; _module_preset=\u00a0\u00bbdefault\u00a0\u00bb global_colors_info=\u00a0\u00bb{}\u00a0\u00bb][et_pb_text _builder_version=\u00a0\u00bb4.14.7&Prime; _module_preset=\u00a0\u00bbdefault\u00a0\u00bb text_text_color=\u00a0\u00bb#FFFFFF\u00a0\u00bb text_font_size=\u00a0\u00bb16px\u00a0\u00bb header_4_text_color=\u00a0\u00bb#FFFFFF\u00a0\u00bb custom_margin=\u00a0\u00bb||0px||false|false\u00a0\u00bb header_4_text_align_tablet=\u00a0\u00bbcenter\u00a0\u00bb header_4_text_align_phone=\u00a0\u00bbcenter\u00a0\u00bb header_4_text_align_last_edited=\u00a0\u00bbon|tablet\u00a0\u00bb text_orientation_tablet=\u00a0\u00bbcenter\u00a0\u00bb text_orientation_phone=\u00a0\u00bbcenter\u00a0\u00bb text_orientation_last_edited=\u00a0\u00bbon|tablet\u00a0\u00bb global_colors_info=\u00a0\u00bb{}\u00a0\u00bb]<\/p>\n<h4><strong>Smart Pricing Solution<\/strong><\/h4>\n<p>[\/et_pb_text][et_pb_text _builder_version=\u00a0\u00bb4.14.7&Prime; _module_preset=\u00a0\u00bbdefault\u00a0\u00bb text_text_color=\u00a0\u00bb#FFFFFF\u00a0\u00bb text_font_size=\u00a0\u00bb16px\u00a0\u00bb text_orientation_tablet=\u00a0\u00bbcenter\u00a0\u00bb text_orientation_phone=\u00a0\u00bbcenter\u00a0\u00bb text_orientation_last_edited=\u00a0\u00bbon|tablet\u00a0\u00bb global_colors_info=\u00a0\u00bb{}\u00a0\u00bb]<\/p>\n<p>Lansa Diffusion<br \/>12 Avenue du Qu\u00e9bec<br \/>91140 Villebon-sur-Yvette<br \/>France<\/p>\n<p>[\/et_pb_text][\/et_pb_column][et_pb_column type=\u00a0\u00bb1_4&Prime; _builder_version=\u00a0\u00bb4.14.7&Prime; _module_preset=\u00a0\u00bbdefault\u00a0\u00bb global_colors_info=\u00a0\u00bb{}\u00a0\u00bb][\/et_pb_column][et_pb_column type=\u00a0\u00bb1_4&Prime; _builder_version=\u00a0\u00bb4.14.7&Prime; _module_preset=\u00a0\u00bbdefault\u00a0\u00bb global_colors_info=\u00a0\u00bb{}\u00a0\u00bb][et_pb_text _builder_version=\u00a0\u00bb4.14.7&Prime; _module_preset=\u00a0\u00bbdefault\u00a0\u00bb text_text_color=\u00a0\u00bb#FFFFFF\u00a0\u00bb text_font_size=\u00a0\u00bb16px\u00a0\u00bb header_4_text_color=\u00a0\u00bb#FFFFFF\u00a0\u00bb custom_margin=\u00a0\u00bb||0px||false|false\u00a0\u00bb header_text_align_tablet=\u00a0\u00bbcenter\u00a0\u00bb header_text_align_phone=\u00a0\u00bbcenter\u00a0\u00bb header_text_align_last_edited=\u00a0\u00bbon|tablet\u00a0\u00bb header_4_text_align_tablet=\u00a0\u00bbcenter\u00a0\u00bb header_4_text_align_phone=\u00a0\u00bbcenter\u00a0\u00bb header_4_text_align_last_edited=\u00a0\u00bbon|tablet\u00a0\u00bb global_colors_info=\u00a0\u00bb{}\u00a0\u00bb]<\/p>\n<h4><strong>En savoir +<\/strong><\/h4>\n<p>[\/et_pb_text][et_pb_text _builder_version=\u00a0\u00bb4.14.7&Prime; _module_preset=\u00a0\u00bbdefault\u00a0\u00bb text_text_color=\u00a0\u00bb#FFFFFF\u00a0\u00bb text_font_size=\u00a0\u00bb16px\u00a0\u00bb link_text_color=\u00a0\u00bb#FFFFFF\u00a0\u00bb text_orientation_tablet=\u00a0\u00bbcenter\u00a0\u00bb text_orientation_phone=\u00a0\u00bbcenter\u00a0\u00bb text_orientation_last_edited=\u00a0\u00bbon|tablet\u00a0\u00bb global_colors_info=\u00a0\u00bb{}\u00a0\u00bb]<\/p>\n<p><a href=\"#contact\">Contact<\/a><br \/><a href=\"https:\/\/lansa-diffusion.com\/categorie-produit\/affichage-de-prix\/gamme-snap\/\" target=\"_blank\" rel=\"noopener\">Gamme SNAP<\/a><br \/><a href=\"https:\/\/smartpricingsolution.com\/de\/mentions-legales\/\">Mentions l\u00e9gales<\/a><br \/><a href=\"https:\/\/smartpricingsolution.com\/de\/politique-de-confidentialite\/\">Politique de confidentialit\u00e9<\/a><\/p>\n<p>[\/et_pb_text][\/et_pb_column][et_pb_column type=\u00a0\u00bb1_4&Prime; _builder_version=\u00a0\u00bb4.14.7&Prime; _module_preset=\u00a0\u00bbdefault\u00a0\u00bb global_colors_info=\u00a0\u00bb{}\u00a0\u00bb][\/et_pb_column][\/et_pb_row][et_pb_row _builder_version=\u00a0\u00bb4.14.7&Prime; _module_preset=\u00a0\u00bbdefault\u00a0\u00bb custom_padding=\u00a0\u00bb0px||0px||true|false\u00a0\u00bb global_colors_info=\u00a0\u00bb{}\u00a0\u00bb][et_pb_column type=\u00a0\u00bb4_4&Prime; _builder_version=\u00a0\u00bb4.14.7&Prime; _module_preset=\u00a0\u00bbdefault\u00a0\u00bb global_colors_info=\u00a0\u00bb{}\u00a0\u00bb][et_pb_text _builder_version=\u00a0\u00bb4.14.7&Prime; _module_preset=\u00a0\u00bbdefault\u00a0\u00bb text_text_color=\u00a0\u00bb#FFFFFF\u00a0\u00bb text_font_size=\u00a0\u00bb16px\u00a0\u00bb link_font=\u00a0\u00bb|600|||||||\u00a0\u00bb link_text_color=\u00a0\u00bb#FFFFFF\u00a0\u00bb global_colors_info=\u00a0\u00bb{}\u00a0\u00bb]<\/p>\n<p style=\"text-align: center;\">Site cr\u00e9\u00e9 par <a href=\"https:\/\/tekly.fr\/\" target=\"_blank\" rel=\"noopener\">tekly.fr<\/a><\/p>\n<p>[\/et_pb_text][\/et_pb_column][\/et_pb_row][\/et_pb_section]<\/p>","protected":false},"excerpt":{"rendered":"<p>Politique de confidentialit\u00e91. Renseignements personnels recueillis Lorsque vous effectuez un achat sur notre boutique, dans le cadre de notre processus d\u2019achat et de vente, nous recueillons les renseignements personnels que vous nous fournissez, tels que votre nom, votre adresse et votre adresse e-mail. Lorsque vous naviguez sur notre boutique, nous recevons \u00e9galement automatiquement l\u2019adresse de [&hellip;]<\/p>","protected":false},"author":1,"featured_media":0,"parent":0,"menu_order":0,"comment_status":"closed","ping_status":"closed","template":"page-template-blank.php","meta":{"_et_pb_use_builder":"on","_et_pb_old_content":"<!-- wp:paragraph -->\r\n<p>This is an example page. It's different from a blog post because it will stay in one place and will show up in your site navigation (in most themes). Most people start with an About page that introduces them to potential site visitors. It might say something like this:<\/p>\r\n<!-- \/wp:paragraph --><!-- wp:quote -->\r\n<blockquote class=\"wp-block-quote\">\r\n<p>Hi there! I'm a bike messenger by day, aspiring actor by night, and this is my website. I live in Los Angeles, have a great dog named Jack, and I like pi\u00f1a coladas. (And gettin' caught in the rain.)<\/p>\r\n<\/blockquote>\r\n<!-- \/wp:quote --><!-- wp:paragraph -->\r\n<p>...or something like this:<\/p>\r\n<!-- \/wp:paragraph --><!-- wp:quote -->\r\n<blockquote class=\"wp-block-quote\">\r\n<p>The XYZ Doohickey Company was founded in 1971, and has been providing quality doohickeys to the public ever since. Located in Gotham City, XYZ employs over 2,000 people and does all kinds of awesome things for the Gotham community.<\/p>\r\n<\/blockquote>\r\n<!-- \/wp:quote --><!-- wp:paragraph -->\r\n<p>As a new WordPress user, you should go to <a href=\"https:\/\/smartpricingsolution.com\/wp-admin\/\">your dashboard<\/a> to delete this page and create new pages for your content. Have fun!<\/p>\r\n<!-- \/wp:paragraph -->","_et_gb_content_width":"","_monsterinsights_skip_tracking":false,"_monsterinsights_sitenote_active":false,"_monsterinsights_sitenote_note":"","_monsterinsights_sitenote_category":0},"yoast_head":"<!-- This site is optimized with the Yoast SEO plugin v19.6 - https:\/\/yoast.com\/wordpress\/plugins\/seo\/ -->\n<title>Politique de confidentialit\u00e9 - Smart Pricing Solution<\/title>\n<meta name=\"robots\" content=\"index, follow, max-snippet:-1, max-image-preview:large, max-video-preview:-1\" \/>\n<link rel=\"canonical\" href=\"https:\/\/smartpricingsolution.com\/de\/politique-de-confidentialite\/\" \/>\n<meta property=\"og:locale\" content=\"de_DE\" \/>\n<meta property=\"og:type\" content=\"article\" \/>\n<meta property=\"og:title\" content=\"Politique de confidentialit\u00e9 - Smart Pricing Solution\" \/>\n<meta property=\"og:description\" content=\"Politique de confidentialit\u00e91. Renseignements personnels recueillis Lorsque vous effectuez un achat sur notre boutique, dans le cadre de notre processus d\u2019achat et de vente, nous recueillons les renseignements personnels que vous nous fournissez, tels que votre nom, votre adresse et votre adresse e-mail. Lorsque vous naviguez sur notre boutique, nous recevons \u00e9galement automatiquement l\u2019adresse de [&hellip;]\" \/>\n<meta property=\"og:url\" content=\"https:\/\/smartpricingsolution.com\/de\/politique-de-confidentialite\/\" \/>\n<meta property=\"og:site_name\" content=\"Smart Pricing Solution\" \/>\n<meta property=\"article:modified_time\" content=\"2022-02-09T14:21:17+00:00\" \/>\n<meta name=\"twitter:card\" content=\"summary_large_image\" \/>\n<meta name=\"twitter:label1\" content=\"Gesch\u00e4tzte Lesezeit\" \/>\n\t<meta name=\"twitter:data1\" content=\"9 Minuten\" \/>\n<script type=\"application\/ld+json\" class=\"yoast-schema-graph\">{\"@context\":\"https:\/\/schema.org\",\"@graph\":[{\"@type\":\"WebPage\",\"@id\":\"https:\/\/smartpricingsolution.com\/de\/politique-de-confidentialite\/\",\"url\":\"https:\/\/smartpricingsolution.com\/de\/politique-de-confidentialite\/\",\"name\":\"Politique de confidentialit\u00e9 - Smart Pricing Solution\",\"isPartOf\":{\"@id\":\"https:\/\/smartpricingsolution.com\/#website\"},\"datePublished\":\"2022-01-24T15:22:05+00:00\",\"dateModified\":\"2022-02-09T14:21:17+00:00\",\"breadcrumb\":{\"@id\":\"https:\/\/smartpricingsolution.com\/de\/politique-de-confidentialite\/#breadcrumb\"},\"inLanguage\":\"de-DE\",\"potentialAction\":[{\"@type\":\"ReadAction\",\"target\":[\"https:\/\/smartpricingsolution.com\/de\/politique-de-confidentialite\/\"]}]},{\"@type\":\"BreadcrumbList\",\"@id\":\"https:\/\/smartpricingsolution.com\/de\/politique-de-confidentialite\/#breadcrumb\",\"itemListElement\":[{\"@type\":\"ListItem\",\"position\":1,\"name\":\"Accueil\",\"item\":\"https:\/\/smartpricingsolution.com\/de\/\"},{\"@type\":\"ListItem\",\"position\":2,\"name\":\"Politique de confidentialit\u00e9\"}]},{\"@type\":\"WebSite\",\"@id\":\"https:\/\/smartpricingsolution.com\/#website\",\"url\":\"https:\/\/smartpricingsolution.com\/\",\"name\":\"Smart Pricing Solution\",\"description\":\"Affichage de prix digital pour vitrines\",\"publisher\":{\"@id\":\"https:\/\/smartpricingsolution.com\/#organization\"},\"potentialAction\":[{\"@type\":\"SearchAction\",\"target\":{\"@type\":\"EntryPoint\",\"urlTemplate\":\"https:\/\/smartpricingsolution.com\/?s={search_term_string}\"},\"query-input\":\"required name=search_term_string\"}],\"inLanguage\":\"de-DE\"},{\"@type\":\"Organization\",\"@id\":\"https:\/\/smartpricingsolution.com\/#organization\",\"name\":\"Smart Pricing Solution\",\"url\":\"https:\/\/smartpricingsolution.com\/\",\"sameAs\":[],\"logo\":{\"@type\":\"ImageObject\",\"inLanguage\":\"de-DE\",\"@id\":\"https:\/\/smartpricingsolution.com\/#\/schema\/logo\/image\/\",\"url\":\"https:\/\/smartpricingsolution.com\/wp-content\/uploads\/2022\/02\/smart-pricing-solution-logo.svg\",\"contentUrl\":\"https:\/\/smartpricingsolution.com\/wp-content\/uploads\/2022\/02\/smart-pricing-solution-logo.svg\",\"width\":1651,\"height\":889,\"caption\":\"Smart Pricing Solution\"},\"image\":{\"@id\":\"https:\/\/smartpricingsolution.com\/#\/schema\/logo\/image\/\"}}]}<\/script>\n<!-- \/ Yoast SEO plugin. -->","yoast_head_json":{"title":"Politique de confidentialit\u00e9 - Smart Pricing Solution","robots":{"index":"index","follow":"follow","max-snippet":"max-snippet:-1","max-image-preview":"max-image-preview:large","max-video-preview":"max-video-preview:-1"},"canonical":"https:\/\/smartpricingsolution.com\/de\/politique-de-confidentialite\/","og_locale":"de_DE","og_type":"article","og_title":"Politique de confidentialit\u00e9 - Smart Pricing Solution","og_description":"Politique de confidentialit\u00e91. Renseignements personnels recueillis Lorsque vous effectuez un achat sur notre boutique, dans le cadre de notre processus d\u2019achat et de vente, nous recueillons les renseignements personnels que vous nous fournissez, tels que votre nom, votre adresse et votre adresse e-mail. Lorsque vous naviguez sur notre boutique, nous recevons \u00e9galement automatiquement l\u2019adresse de [&hellip;]","og_url":"https:\/\/smartpricingsolution.com\/de\/politique-de-confidentialite\/","og_site_name":"Smart Pricing Solution","article_modified_time":"2022-02-09T14:21:17+00:00","twitter_card":"summary_large_image","twitter_misc":{"Gesch\u00e4tzte Lesezeit":"9 Minuten"},"schema":{"@context":"https:\/\/schema.org","@graph":[{"@type":"WebPage","@id":"https:\/\/smartpricingsolution.com\/de\/politique-de-confidentialite\/","url":"https:\/\/smartpricingsolution.com\/de\/politique-de-confidentialite\/","name":"Politique de confidentialit\u00e9 - Smart Pricing Solution","isPartOf":{"@id":"https:\/\/smartpricingsolution.com\/#website"},"datePublished":"2022-01-24T15:22:05+00:00","dateModified":"2022-02-09T14:21:17+00:00","breadcrumb":{"@id":"https:\/\/smartpricingsolution.com\/de\/politique-de-confidentialite\/#breadcrumb"},"inLanguage":"de-DE","potentialAction":[{"@type":"ReadAction","target":["https:\/\/smartpricingsolution.com\/de\/politique-de-confidentialite\/"]}]},{"@type":"BreadcrumbList","@id":"https:\/\/smartpricingsolution.com\/de\/politique-de-confidentialite\/#breadcrumb","itemListElement":[{"@type":"ListItem","position":1,"name":"Accueil","item":"https:\/\/smartpricingsolution.com\/de\/"},{"@type":"ListItem","position":2,"name":"Politique de confidentialit\u00e9"}]},{"@type":"WebSite","@id":"https:\/\/smartpricingsolution.com\/#website","url":"https:\/\/smartpricingsolution.com\/","name":"Smart Pricing Solution","description":"Affichage de prix digital pour vitrines","publisher":{"@id":"https:\/\/smartpricingsolution.com\/#organization"},"potentialAction":[{"@type":"SearchAction","target":{"@type":"EntryPoint","urlTemplate":"https:\/\/smartpricingsolution.com\/?s={search_term_string}"},"query-input":"required name=search_term_string"}],"inLanguage":"de-DE"},{"@type":"Organization","@id":"https:\/\/smartpricingsolution.com\/#organization","name":"Smart Pricing Solution","url":"https:\/\/smartpricingsolution.com\/","sameAs":[],"logo":{"@type":"ImageObject","inLanguage":"de-DE","@id":"https:\/\/smartpricingsolution.com\/#\/schema\/logo\/image\/","url":"https:\/\/smartpricingsolution.com\/wp-content\/uploads\/2022\/02\/smart-pricing-solution-logo.svg","contentUrl":"https:\/\/smartpricingsolution.com\/wp-content\/uploads\/2022\/02\/smart-pricing-solution-logo.svg","width":1651,"height":889,"caption":"Smart Pricing Solution"},"image":{"@id":"https:\/\/smartpricingsolution.com\/#\/schema\/logo\/image\/"}}]}},"_links":{"self":[{"href":"https:\/\/smartpricingsolution.com\/de\/wp-json\/wp\/v2\/pages\/99"}],"collection":[{"href":"https:\/\/smartpricingsolution.com\/de\/wp-json\/wp\/v2\/pages"}],"about":[{"href":"https:\/\/smartpricingsolution.com\/de\/wp-json\/wp\/v2\/types\/page"}],"author":[{"embeddable":true,"href":"https:\/\/smartpricingsolution.com\/de\/wp-json\/wp\/v2\/users\/1"}],"replies":[{"embeddable":true,"href":"https:\/\/smartpricingsolution.com\/de\/wp-json\/wp\/v2\/comments?post=99"}],"version-history":[{"count":4,"href":"https:\/\/smartpricingsolution.com\/de\/wp-json\/wp\/v2\/pages\/99\/revisions"}],"predecessor-version":[{"id":112,"href":"https:\/\/smartpricingsolution.com\/de\/wp-json\/wp\/v2\/pages\/99\/revisions\/112"}],"wp:attachment":[{"href":"https:\/\/smartpricingsolution.com\/de\/wp-json\/wp\/v2\/media?parent=99"}],"curies":[{"name":"wp","href":"https:\/\/api.w.org\/{rel}","templated":true}]}}